{"id":1388,"date":"2025-03-26T17:11:05","date_gmt":"2025-03-26T16:11:05","guid":{"rendered":"https:\/\/kranzhost.de\/caspari\/?page_id=1388"},"modified":"2025-11-17T17:55:41","modified_gmt":"2025-11-17T16:55:41","slug":"impressum","status":"publish","type":"page","link":"https:\/\/hauscaspari.de\/en\/impressum\/","title":{"rendered":"Legal notice"},"content":{"rendered":"<div data-elementor-type=\"wp-page\" data-elementor-id=\"1388\" class=\"elementor elementor-1388\" data-elementor-post-type=\"page\">\n\t\t\t\t<div class=\"elementor-element elementor-element-e06109e e-flex e-con-boxed e-con e-parent\" data-id=\"e06109e\" data-element_type=\"container\">\n\t\t\t\t\t<div class=\"e-con-inner\">\n\t\t<div class=\"elementor-element elementor-element-bfbb527 e-con-full e-flex e-con e-child\" data-id=\"bfbb527\" data-element_type=\"container\">\n\t\t\t\t<div class=\"elementor-element elementor-element-55a5dbd elementor-widget elementor-widget-heading\" data-id=\"55a5dbd\" data-element_type=\"widget\" data-widget_type=\"heading.default\">\n\t\t\t\t<div class=\"elementor-widget-container\">\n\t\t\t\t\t<h2 class=\"elementor-heading-title elementor-size-default\">Legal notice<\/h2>\t\t\t\t<\/div>\n\t\t\t\t<\/div>\n\t\t\t\t<div class=\"elementor-element elementor-element-e38bbfc elementor-widget elementor-widget-text-editor\" data-id=\"e38bbfc\" data-element_type=\"widget\" data-widget_type=\"text-editor.default\">\n\t\t\t\t<div class=\"elementor-widget-container\">\n\t\t\t\t\t\t\t\t\t<div><p><strong>Haus Caspari<\/strong><br \/>Owner: Wilhelm Nelles<\/p><p>Rossberg 1<br \/>53505 Altenahr<\/p><\/div>\t\t\t\t\t\t\t\t<\/div>\n\t\t\t\t<\/div>\n\t\t\t\t<div class=\"elementor-element elementor-element-1b6fbf1 elementor-widget elementor-widget-text-editor\" data-id=\"1b6fbf1\" data-element_type=\"widget\" data-widget_type=\"text-editor.default\">\n\t\t\t\t<div class=\"elementor-widget-container\">\n\t\t\t\t\t\t\t\t\t<div><p><strong>Contact:<\/strong><br \/>New telephone number:<br \/>Tel. +49 2643 2007<br \/><a href=\"mailto:info@hauscaspari.de\">info@hauscaspari.de<\/a><\/p><\/div>\t\t\t\t\t\t\t\t<\/div>\n\t\t\t\t<\/div>\n\t\t\t\t<div class=\"elementor-element elementor-element-2df7292 elementor-widget elementor-widget-text-editor\" data-id=\"2df7292\" data-element_type=\"widget\" data-widget_type=\"text-editor.default\">\n\t\t\t\t<div class=\"elementor-widget-container\">\n\t\t\t\t\t\t\t\t\t<div><p><strong>VAT number<br \/><\/strong>VAT identification number in accordance with Section 27a of the Value Added Tax Act:<br \/>DE 147932116<\/p><\/div>\t\t\t\t\t\t\t\t<\/div>\n\t\t\t\t<\/div>\n\t\t\t\t<div class=\"elementor-element elementor-element-6f70b90 elementor-widget elementor-widget-text-editor\" data-id=\"6f70b90\" data-element_type=\"widget\" data-widget_type=\"text-editor.default\">\n\t\t\t\t<div class=\"elementor-widget-container\">\n\t\t\t\t\t\t\t\t\t<div><strong>Agency<\/strong><br \/>ZIEL &#8211; Elmar Zillgen<br \/><a href=\"https:\/\/elmarzillgen.de\" target=\"_blank\" rel=\"noopener\">www.elmarzillgen.de<\/a><\/div>\t\t\t\t\t\t\t\t<\/div>\n\t\t\t\t<\/div>\n\t\t\t\t<div class=\"elementor-element elementor-element-af98438 elementor-widget elementor-widget-text-editor\" data-id=\"af98438\" data-element_type=\"widget\" data-widget_type=\"text-editor.default\">\n\t\t\t\t<div class=\"elementor-widget-container\">\n\t\t\t\t\t\t\t\t\t<div><strong>Source references for the images and graphics used<\/strong><br \/><a href=\"https:\/\/kranzkreativ.de\" target=\"_blank\" rel=\"noopener\">Andreas Kranz<\/a><br \/><a href=\"https:\/\/wershofen-garten.de\/\" target=\"_blank\" rel=\"noopener\">Wershofen Gartenbau<\/a><br \/>Privat<\/div>\t\t\t\t\t\t\t\t<\/div>\n\t\t\t\t<\/div>\n\t\t\t\t<div class=\"elementor-element elementor-element-573b666 elementor-widget elementor-widget-text-editor\" data-id=\"573b666\" data-element_type=\"widget\" data-widget_type=\"text-editor.default\">\n\t\t\t\t<div class=\"elementor-widget-container\">\n\t\t\t\t\t\t\t\t\t<h3>Disclaimer<\/h3><p><strong>Liability for content<br \/><\/strong>Als Diensteanbieter sind wir gem\u00e4\u00df \u00a7 7 Abs.1 TMG f\u00fcr eigene Inhalte auf diesen Seiten nach den allgemeinen Gesetzen verantwortlich. Nach \u00a7\u00a7 8 bis 10 TMG sind wir als Diensteanbieter jedoch nicht verpflichtet, \u00fcbermittelte oder gespeicherte fremde Informationen zu \u00fcberwachen oder nach Umst\u00e4nden zu forschen, die auf eine rechtswidrige T\u00e4tigkeit hinweisen. Verpflichtungen zur Entfernung oder Sperrung der Nutzung von Informationen nach den allgemeinen Gesetzen bleiben hiervon unber\u00fchrt. Eine diesbez\u00fcgliche Haftung ist jedoch erst ab dem Zeitpunkt der Kenntnis einer konkreten Rechtsverletzung m\u00f6glich. Bei Bekanntwerden von entsprechenden Rechtsverletzungen werden wir diese Inhalte umgehend entfernen.<\/p><p><strong>Liability for links<\/strong><br \/>As a service provider, we are responsible for our own content on these pages in accordance with \u00a7 7 para. 1 TMG (German Telemedia Act) and general laws. However, according to \u00a7\u00a7 8 to 10 TMG, we are not obliged as a service provider to monitor transmitted or stored third-party information or to investigate circumstances that indicate illegal activity. Obligations to remove or block the use of information in accordance with general laws remain unaffected by this. However, liability in this regard is only possible from the time we become aware of a specific legal violation. If we become aware of such legal violations, we will remove this content immediately.<\/p><p><strong>Copyright<br \/><\/strong>The content and works on these pages created by the site operators are subject to German copyright law. The reproduction, editing, distribution and any kind of use outside the limits of copyright law require the written consent of the respective author or creator. Downloads and copies of this site are only permitted for private, non-commercial use. Insofar as the content on this site was not created by the operator, the copyrights of third parties are respected. In particular, third-party content is identified as such. Should you nevertheless become aware of a copyright infringement, please inform us accordingly. If we become aware of any infringements, we will remove such content immediately.<\/p><h3>\u00a0<\/h3>\t\t\t\t\t\t\t\t<\/div>\n\t\t\t\t<\/div>\n\t\t\t\t<\/div>\n\t\t\t\t\t<\/div>\n\t\t\t\t<\/div>\n\t\t\t\t<\/div>","protected":false},"excerpt":{"rendered":"<p>Impressum Haus CaspariInh. Wilhelm Nelles Rossberg 153505 Altenahr Kontakt:Neue Telefonnummer:Tel. +49 2643 2007info@hauscaspari.de Umsatzsteuer-IDUmsatzsteuer-Identifikationsnummer gem\u00e4\u00df \u00a727 a Umsatzsteuergesetz:DE 147932116 AgenturZIEL &#8211; Elmar Zillgenwww.elmarzillgen.deQuellenangaben f\u00fcr die verwendeten Bilder und GrafikenAndreas KranzWershofen GartenbauPrivat Haftungsausschluss (Disclaimer) Haftung f\u00fcr InhalteAls Diensteanbieter sind wir gem\u00e4\u00df \u00a7 7 Abs.1 TMG f\u00fcr eigene Inhalte auf diesen Seiten nach den allgemeinen Gesetzen verantwortlich. [&hellip;]<\/p>","protected":false},"author":1,"featured_media":0,"parent":0,"menu_order":0,"comment_status":"closed","ping_status":"closed","template":"elementor_header_footer","meta":{"_acf_changed":false,"footnotes":""},"class_list":["post-1388","page","type-page","status-publish","hentry"],"acf":[],"_links":{"self":[{"href":"https:\/\/hauscaspari.de\/en\/wp-json\/wp\/v2\/pages\/1388","targetHints":{"allow":["GET"]}}],"collection":[{"href":"https:\/\/hauscaspari.de\/en\/wp-json\/wp\/v2\/pages"}],"about":[{"href":"https:\/\/hauscaspari.de\/en\/wp-json\/wp\/v2\/types\/page"}],"author":[{"embeddable":true,"href":"https:\/\/hauscaspari.de\/en\/wp-json\/wp\/v2\/users\/1"}],"replies":[{"embeddable":true,"href":"https:\/\/hauscaspari.de\/en\/wp-json\/wp\/v2\/comments?post=1388"}],"version-history":[{"count":13,"href":"https:\/\/hauscaspari.de\/en\/wp-json\/wp\/v2\/pages\/1388\/revisions"}],"predecessor-version":[{"id":2949,"href":"https:\/\/hauscaspari.de\/en\/wp-json\/wp\/v2\/pages\/1388\/revisions\/2949"}],"wp:attachment":[{"href":"https:\/\/hauscaspari.de\/en\/wp-json\/wp\/v2\/media?parent=1388"}],"curies":[{"name":"wp","href":"https:\/\/api.w.org\/{rel}","templated":true}]}}